{"id":1114,"date":"2022-01-02T14:31:37","date_gmt":"2022-01-02T14:31:37","guid":{"rendered":"https:\/\/agrifoodcommodities.com\/agrifood_commodities\/nous\/"},"modified":"2025-11-10T10:28:57","modified_gmt":"2025-11-10T10:28:57","slug":"nous","status":"publish","type":"page","link":"https:\/\/agrifoodcommodities.com\/fr\/nous\/","title":{"rendered":"Nous"},"content":{"rendered":"<section class=\"l-section wpb_row height_huge\"><div class=\"l-section-h i-cf\"><div class=\"g-cols via_grid cols_1 laptops-cols_inherit tablets-cols_inherit mobiles-cols_1 valign_top type_default\"><div class=\"wpb_column vc_column_container\"><div class=\"vc_column-inner\"><div class=\"g-cols wpb_row via_grid cols_2 laptops-cols_inherit tablets-cols_inherit mobiles-cols_1 valign_top type_default\"><div class=\"wpb_column vc_column_container\"><div class=\"vc_column-inner\"><div class=\"wpb_text_column\"><div class=\"wpb_wrapper\"><p style=\"text-align: justify;\">Agrifood Commodities SL est une structure commerciale sp\u00e9cialis\u00e9e dans la commercialisation de produits agricoles, d&rsquo;aliments de base et d&rsquo;autres produits similaires, provenant principalement d&rsquo;Espagne et d&rsquo;Europe, ainsi que d&rsquo;autres origines diverses, sur le march\u00e9 international.<\/p>\n<p style=\"text-align: justify;\">Gr\u00e2ce \u00e0 un vaste r\u00e9seau de partenaires professionnels du secteur, producteurs, emballeurs, fabricants et exportateurs, nous occupons une position privil\u00e9gi\u00e9e pour fournir ces produits avec la rapidit\u00e9, l&rsquo;efficacit\u00e9 et le professionnalisme requis par les conditions hautement concurrentielles du sc\u00e9nario actuel du commerce international.<\/p>\n<p style=\"text-align: justify;\">Outre la fourniture de produits agricoles et d&rsquo;aliments de base, nous pouvons \u00e9galement offrir, en collaboration avec nos partenaires, un large \u00e9ventail d&rsquo;autres opportunit\u00e9s commerciales, telles que l&rsquo;assemblage, la mise en service et la maintenance d&rsquo;usines de transformation des produits agricoles, la conception et l&rsquo;ex\u00e9cution de divers projets d&rsquo;infrastructure de production, la fourniture d&rsquo;\u00e9quipements de production, de lignes industrielles, de diverses mati\u00e8res premi\u00e8res et de divers intrants industriels, le tout avec un maximum de rapidit\u00e9, d&rsquo;agilit\u00e9, de transparence et d&rsquo;\u00e9conomies de ressources et de co\u00fbts.<\/p>\n<\/div><\/div><\/div><\/div><div class=\"wpb_column vc_column_container\"><div class=\"vc_column-inner\"><\/div><\/div><\/div><\/div><\/div><\/div><\/div><\/section>\n","protected":false},"excerpt":{"rendered":"Agrifood Commodities SL est une structure commerciale sp\u00e9cialis\u00e9e dans la commercialisation de produits agricoles, d&rsquo;aliments de base et d&rsquo;autres produits similaires, provenant principalement d&rsquo;Espagne et d&rsquo;Europe, ainsi que d&rsquo;autres origines diverses, sur le march\u00e9 international. Gr\u00e2ce \u00e0 un vaste r\u00e9seau de partenaires professionnels du secteur, producteurs, emballeurs, fabricants et exportateurs, nous occupons une position privil\u00e9gi\u00e9e...","protected":false},"author":1,"featured_media":0,"parent":0,"menu_order":0,"comment_status":"closed","ping_status":"closed","template":"","meta":{"footnotes":""},"class_list":["post-1114","page","type-page","status-publish","hentry"],"_links":{"self":[{"href":"https:\/\/agrifoodcommodities.com\/fr\/wp-json\/wp\/v2\/pages\/1114","targetHints":{"allow":["GET"]}}],"collection":[{"href":"https:\/\/agrifoodcommodities.com\/fr\/wp-json\/wp\/v2\/pages"}],"about":[{"href":"https:\/\/agrifoodcommodities.com\/fr\/wp-json\/wp\/v2\/types\/page"}],"author":[{"embeddable":true,"href":"https:\/\/agrifoodcommodities.com\/fr\/wp-json\/wp\/v2\/users\/1"}],"replies":[{"embeddable":true,"href":"https:\/\/agrifoodcommodities.com\/fr\/wp-json\/wp\/v2\/comments?post=1114"}],"version-history":[{"count":12,"href":"https:\/\/agrifoodcommodities.com\/fr\/wp-json\/wp\/v2\/pages\/1114\/revisions"}],"predecessor-version":[{"id":3835,"href":"https:\/\/agrifoodcommodities.com\/fr\/wp-json\/wp\/v2\/pages\/1114\/revisions\/3835"}],"wp:attachment":[{"href":"https:\/\/agrifoodcommodities.com\/fr\/wp-json\/wp\/v2\/media?parent=1114"}],"curies":[{"name":"wp","href":"https:\/\/api.w.org\/{rel}","templated":true}]}}