{"id":1116,"date":"2022-01-02T14:31:37","date_gmt":"2022-01-02T14:31:37","guid":{"rendered":"https:\/\/agrifoodcommodities.com\/agrifood_commodities\/debut\/"},"modified":"2023-04-13T10:40:21","modified_gmt":"2023-04-13T10:40:21","slug":"debut","status":"publish","type":"page","link":"https:\/\/agrifoodcommodities.com\/fr\/","title":{"rendered":"Accueil"},"content":{"rendered":"<section class=\"l-section wpb_row us_custom_8d45c27c height_auto full_height valign_center width_full\"><div class=\"l-section-h i-cf\"><div class=\"g-cols via_grid cols_2 laptops-cols_inherit tablets-cols_inherit mobiles-cols_1 valign_top type_default\" style=\"grid-gap:0rem;\"><div class=\"wpb_column vc_column_container\"><div class=\"vc_column-inner\">\n\t\t\t<!-- START Slider 1 REVOLUTION SLIDER 6.5.11 --><p class=\"rs-p-wp-fix\"><\/p>\n\t\t\t<rs-module-wrap id=\"rev_slider_1_1_wrapper\" data-source=\"gallery\" style=\"visibility:hidden;background:transparent;padding:0;\">\n\t\t\t\t<rs-module id=\"rev_slider_1_1\" style=\"\" data-version=\"6.5.11\">\n\t\t\t\t\t<rs-slides>\n\t\t\t\t\t\t<rs-slide style=\"position: absolute;\" data-key=\"rs-1\" data-title=\"Slide\" data-thumb=\"\/\/agrifoodcommodities.com\/wp-content\/uploads\/2021\/12\/naranjas-50x100.jpg\" data-in=\"o:0;\" data-out=\"a:false;\">\n\t\t\t\t\t\t\t<img loading=\"lazy\" decoding=\"async\" src=\"\/\/agrifoodcommodities.com\/wp-content\/plugins\/revslider\/public\/assets\/assets\/dummy.png\" title=\"naranjas\" width=\"998\" height=\"650\" class=\"rev-slidebg tp-rs-img rs-lazyload\" data-lazyload=\"\/\/agrifoodcommodities.com\/wp-content\/uploads\/2021\/12\/naranjas.jpg\" data-no-retina>\n<!---->\t\t\t\t\t\t<\/rs-slide>\n\t\t\t\t\t\t<rs-slide style=\"position: absolute;\" data-key=\"rs-2\" data-title=\"Slide\" data-thumb=\"\/\/agrifoodcommodities.com\/wp-content\/uploads\/2021\/12\/arroz-50x100.jpg\" data-in=\"o:0;\" data-out=\"a:false;\">\n\t\t\t\t\t\t\t<img loading=\"lazy\" decoding=\"async\" src=\"\/\/agrifoodcommodities.com\/wp-content\/plugins\/revslider\/public\/assets\/assets\/dummy.png\" title=\"arroz\" width=\"998\" height=\"650\" class=\"rev-slidebg tp-rs-img rs-lazyload\" data-lazyload=\"\/\/agrifoodcommodities.com\/wp-content\/uploads\/2021\/12\/arroz.jpg\" data-no-retina>\n<!---->\t\t\t\t\t\t<\/rs-slide>\n\t\t\t\t\t\t<rs-slide style=\"position: absolute;\" data-key=\"rs-3\" data-title=\"Slide\" data-thumb=\"\/\/agrifoodcommodities.com\/wp-content\/uploads\/2021\/12\/manzanas-50x100.jpg\" data-in=\"o:0;\" data-out=\"a:false;\">\n\t\t\t\t\t\t\t<img loading=\"lazy\" decoding=\"async\" src=\"\/\/agrifoodcommodities.com\/wp-content\/plugins\/revslider\/public\/assets\/assets\/dummy.png\" title=\"manzanas\" width=\"998\" height=\"650\" class=\"rev-slidebg tp-rs-img rs-lazyload\" data-lazyload=\"\/\/agrifoodcommodities.com\/wp-content\/uploads\/2021\/12\/manzanas.jpg\" data-no-retina>\n<!---->\t\t\t\t\t\t<\/rs-slide>\n\t\t\t\t\t\t<rs-slide style=\"position: absolute;\" data-key=\"rs-4\" data-title=\"Slide\" data-thumb=\"\/\/agrifoodcommodities.com\/wp-content\/uploads\/2021\/12\/bebidas-alcoholicas-50x100.jpg\" data-in=\"o:0;\" data-out=\"a:false;\">\n\t\t\t\t\t\t\t<img loading=\"lazy\" decoding=\"async\" src=\"\/\/agrifoodcommodities.com\/wp-content\/plugins\/revslider\/public\/assets\/assets\/dummy.png\" title=\"bebidas-alcoholicas\" width=\"998\" height=\"650\" class=\"rev-slidebg tp-rs-img rs-lazyload\" data-lazyload=\"\/\/agrifoodcommodities.com\/wp-content\/uploads\/2021\/12\/bebidas-alcoholicas.jpg\" data-no-retina>\n<!---->\t\t\t\t\t\t<\/rs-slide>\n\t\t\t\t\t<\/rs-slides>\n\t\t\t\t<\/rs-module>\n\t\t\t\t<script type=\"text\/javascript\">\n\t\t\t\t\tsetREVStartSize({c: 'rev_slider_1_1',rl:[1240,1024,778,480],el:[900],gw:[1500],gh:[900],type:'standard',justify:'',layout:'fullscreen',offsetContainer:'',offset:'',mh:\"0\"});if (window.RS_MODULES!==undefined && window.RS_MODULES.modules!==undefined && window.RS_MODULES.modules[\"revslider11\"]!==undefined) {window.RS_MODULES.modules[\"revslider11\"].once = false;window.revapi1 = undefined;if (window.RS_MODULES.checkMinimal!==undefined) window.RS_MODULES.checkMinimal()}\n\t\t\t\t<\/script>\n\t\t\t<\/rs-module-wrap>\n\t\t\t<!-- END REVOLUTION SLIDER -->\n<\/div><\/div><\/div><\/div><\/section><section class=\"l-section wpb_row height_huge\"><div class=\"l-section-h i-cf\"><div class=\"g-cols via_grid cols_2 laptops-cols_inherit tablets-cols_inherit mobiles-cols_1 valign_middle type_default reversed\" style=\"grid-gap:10px;\"><div class=\"wpb_column vc_column_container\"><div class=\"vc_column-inner\"><div class=\"wpb_text_column us_custom_7e20fa79 us_animate_this\"><div class=\"wpb_wrapper\"><h2 style=\"text-align: center;\">Fruits<\/h2>\n<\/div><\/div><div class=\"w-separator size_medium\" id=\"j949\"><style>@media(max-width:600px){ #j949{height:5vh!important}}<\/style><\/div><div class=\"wpb_text_column us_custom_47474b22 us_animate_this\"><div class=\"wpb_wrapper\"><p style=\"text-align: justify;\"><span lang=\"FR\">Pomme, poire, raisin, orange, mandarine, nectarine, bananes, fraises, framboises, kaki, pamplemousse, grenade, kiwi, abricots, prunes, p\u00eaches, fraises, melon, past\u00e8que, mangues, ananas, goyave<\/span><\/p>\n<\/div><\/div><div class=\"w-separator size_medium\" id=\"yd3e\"><style>@media(max-width:600px){ #yd3e{height:5vh!important}}<\/style><\/div><div class=\"w-btn-wrapper align_center\"><a class=\"w-btn us-btn-style_21 us_custom_6c21c073 us_animate_this\" href=\"https:\/\/agrifoodcommodities.com\/fr\/fruits\/\"><span class=\"w-btn-label\">Lire plus<\/span><\/a><\/div><\/div><\/div><div class=\"wpb_column vc_column_container\"><div class=\"vc_column-inner\"><div class=\"w-image us_custom_6c21c073 us_animate_this align_none\"><div class=\"w-image-h\"><img loading=\"lazy\" decoding=\"async\" width=\"998\" height=\"650\" src=\"https:\/\/agrifoodcommodities.com\/wp-content\/uploads\/2021\/12\/manzanas.jpg\" class=\"attachment-full size-full\" alt=\"\" srcset=\"https:\/\/agrifoodcommodities.com\/wp-content\/uploads\/2021\/12\/manzanas.jpg 998w, https:\/\/agrifoodcommodities.com\/wp-content\/uploads\/2021\/12\/manzanas-300x195.jpg 300w\" sizes=\"auto, (max-width: 998px) 100vw, 998px\" \/><\/div><\/div><\/div><\/div><\/div><\/div><\/section><section class=\"l-section wpb_row height_huge\"><div class=\"l-section-h i-cf\"><div class=\"g-cols via_grid cols_2 laptops-cols_inherit tablets-cols_inherit mobiles-cols_1 valign_middle type_default reversed\" style=\"grid-gap:10px;\"><div class=\"wpb_column vc_column_container\"><div class=\"vc_column-inner\"><div class=\"w-image us_custom_6c21c073 us_animate_this align_none\"><div class=\"w-image-h\"><img loading=\"lazy\" decoding=\"async\" width=\"998\" height=\"650\" src=\"https:\/\/agrifoodcommodities.com\/wp-content\/uploads\/2021\/12\/alcachofas.jpg\" class=\"attachment-full size-full\" alt=\"\" srcset=\"https:\/\/agrifoodcommodities.com\/wp-content\/uploads\/2021\/12\/alcachofas.jpg 998w, https:\/\/agrifoodcommodities.com\/wp-content\/uploads\/2021\/12\/alcachofas-300x195.jpg 300w\" sizes=\"auto, (max-width: 998px) 100vw, 998px\" \/><\/div><\/div><\/div><\/div><div class=\"wpb_column vc_column_container\"><div class=\"vc_column-inner\"><div class=\"wpb_text_column us_custom_7e20fa79 us_animate_this\"><div class=\"wpb_wrapper\"><h2 style=\"text-align: center;\">L\u00e9gumes<\/h2>\n<\/div><\/div><div class=\"w-separator size_medium\" id=\"ee21\"><style>@media(max-width:600px){ #ee21{height:5vh!important}}<\/style><\/div><div class=\"wpb_text_column us_custom_47474b22 us_animate_this\"><div class=\"wpb_wrapper\"><p><span lang=\"FR\">Asperge, artichaut, carotte, ail, oignon, laitue, tomate, avocat, brocoli, c\u00e9leri, concombre<\/span><\/p>\n<\/div><\/div><div class=\"w-separator size_medium\" id=\"n211\"><style>@media(max-width:600px){ #n211{height:5vh!important}}<\/style><\/div><div class=\"w-btn-wrapper align_center\"><a class=\"w-btn us-btn-style_21 us_custom_6c21c073 us_animate_this\" href=\"https:\/\/agrifoodcommodities.com\/fr\/des-legumes-2\/\"><span class=\"w-btn-label\">Lire plus<\/span><\/a><\/div><\/div><\/div><\/div><\/div><\/section><section class=\"l-section wpb_row height_huge\"><div class=\"l-section-h i-cf\"><div class=\"g-cols via_grid cols_2 laptops-cols_inherit tablets-cols_inherit mobiles-cols_1 valign_top type_default\" style=\"grid-gap:10px;\"><div class=\"wpb_column vc_column_container\"><div class=\"vc_column-inner\"><div class=\"wpb_text_column us_custom_47474b22 us_animate_this\"><div class=\"wpb_wrapper\"><h2 style=\"text-align: center;\">Agricoles<\/h2>\n<\/div><\/div><div class=\"w-separator size_medium\" id=\"te94\"><style>@media(max-width:600px){ #te94{height:5vh!important}}<\/style><\/div><div class=\"wpb_text_column us_custom_7e20fa79 us_animate_this\"><div class=\"wpb_wrapper\"><p style=\"text-align: justify;\"><span lang=\"FR\">Coton (Grains), Cacao (F\u00e8ves), Caf\u00e9 (Grains verts), Coco (Noix de coco), Cola (Grains de cola), Ma\u00efs (Blanc et jaune en grains), Sorgho, S\u00e9same (Blanc et bigarr\u00e9), Soja (Grains), Orge (Grains), H\u00e9v\u00e9a<\/span><\/p>\n<p><span lang=\"FR\">Coton (Fibre et tourteau), Cacao (Beurre alimentaire et cosm\u00e9tique, Masse (Liqueur), Coque, Poudre, Tourteau), Caf\u00e9 (Torr\u00e9fi\u00e9 et broy\u00e9), Karit\u00e9 (Beurre), Coco (R\u00e2p\u00e9, pulpe \u00a0diss\u00e9qu\u00e9, copra, et huile), Caoutchouc (Semi-raffin\u00e9 (RBS))<\/span><\/p>\n<\/div><\/div><div class=\"w-separator size_medium\"><\/div><div class=\"w-btn-wrapper align_center\"><a class=\"w-btn us-btn-style_21 us_custom_6c21c073 us_animate_this\" href=\"https:\/\/agrifoodcommodities.com\/fr\/sans-traitement\/\"><span class=\"w-btn-label\">Lire plus<\/span><\/a><\/div><\/div><\/div><div class=\"wpb_column vc_column_container\"><div class=\"vc_column-inner\"><div class=\"w-image us_custom_6c21c073 us_animate_this align_none\"><div class=\"w-image-h\"><img loading=\"lazy\" decoding=\"async\" width=\"998\" height=\"650\" src=\"https:\/\/agrifoodcommodities.com\/wp-content\/uploads\/2021\/12\/cacao-sin-pro.jpg\" class=\"attachment-full size-full\" alt=\"\" srcset=\"https:\/\/agrifoodcommodities.com\/wp-content\/uploads\/2021\/12\/cacao-sin-pro.jpg 998w, https:\/\/agrifoodcommodities.com\/wp-content\/uploads\/2021\/12\/cacao-sin-pro-300x195.jpg 300w\" sizes=\"auto, (max-width: 998px) 100vw, 998px\" \/><\/div><\/div><\/div><\/div><\/div><\/div><\/section><section class=\"l-section wpb_row height_huge\"><div class=\"l-section-h i-cf\"><div class=\"g-cols via_grid cols_2 laptops-cols_inherit tablets-cols_inherit mobiles-cols_1 valign_middle type_default reversed\" style=\"grid-gap:10px;\"><div class=\"wpb_column vc_column_container\"><div class=\"vc_column-inner\"><div class=\"w-image us_custom_6c21c073 us_animate_this align_none\"><div class=\"w-image-h\"><img loading=\"lazy\" decoding=\"async\" width=\"998\" height=\"650\" src=\"https:\/\/agrifoodcommodities.com\/wp-content\/uploads\/2021\/12\/conservas.jpg\" class=\"attachment-full size-full\" alt=\"\" srcset=\"https:\/\/agrifoodcommodities.com\/wp-content\/uploads\/2021\/12\/conservas.jpg 998w, https:\/\/agrifoodcommodities.com\/wp-content\/uploads\/2021\/12\/conservas-300x195.jpg 300w\" sizes=\"auto, (max-width: 998px) 100vw, 998px\" \/><\/div><\/div><\/div><\/div><div class=\"wpb_column vc_column_container\"><div class=\"vc_column-inner\"><div class=\"wpb_text_column us_custom_7e20fa79 us_animate_this\"><div class=\"wpb_wrapper\"><h2 style=\"text-align: center;\">Alimentation<\/h2>\n<\/div><\/div><div class=\"w-separator size_medium\" id=\"d60f\"><style>@media(max-width:600px){ #d60f{height:5vh!important}}<\/style><\/div><div class=\"wpb_text_column us_custom_47474b22 us_animate_this\"><div class=\"wpb_wrapper\"><p style=\"text-align: justify;\"><span lang=\"FR\">Riz, sucre, bl\u00e9<\/span><\/p>\n<p><span lang=\"FR\">Conserve de tomate concentr\u00e9e en paste et poudre, conserve de poisson, huile v\u00e9g\u00e9tale comestible, farine de bl\u00e9, levure, patte alimentaire (Spaghetti, macaroni), lait en poudre et concentr\u00e9 sucr\u00e9 <\/span><\/p>\n<p><span lang=\"FR\">Poulet congel\u00e9 (Entier et en morceaux), Poisson congel\u00e9 (Entier et usin\u00e9), Porc (Entier, en morceaux, abats, et d\u00e9riv\u00e9s (Saucisses)), B\u0153uf congel\u00e9 (Entier, en morceaux, abats, et d\u00e9riv\u00e9s (Saucisses)), Mouton congel\u00e9 (Entier, en morceaux, abats, et d\u00e9riv\u00e9s)<\/span><\/p>\n<\/div><\/div><div class=\"w-separator size_medium\" id=\"ea3b\"><style>@media(max-width:600px){ #ea3b{height:5vh!important}}<\/style><\/div><div class=\"w-btn-wrapper align_center\"><a class=\"w-btn us-btn-style_21 us_custom_6c21c073 us_animate_this\" href=\"https:\/\/agrifoodcommodities.com\/fr\/alimentation\/\"><span class=\"w-btn-label\">Lire plus<\/span><\/a><\/div><\/div><\/div><\/div><\/div><\/section><section class=\"l-section wpb_row height_huge\"><div class=\"l-section-h i-cf\"><div class=\"g-cols via_grid cols_2 laptops-cols_inherit tablets-cols_inherit mobiles-cols_1 valign_top type_default\" style=\"grid-gap:10px;\"><div class=\"wpb_column vc_column_container\"><div class=\"vc_column-inner\"><div class=\"wpb_text_column us_custom_47474b22 us_animate_this\"><div class=\"wpb_wrapper\"><h2 style=\"text-align: center;\">Boissons<\/h2>\n<\/div><\/div><div class=\"w-separator size_medium\" id=\"f6c3\"><style>@media(max-width:600px){ #f6c3{height:5vh!important}}<\/style><\/div><div class=\"wpb_text_column us_custom_7e20fa79 us_animate_this\"><div class=\"wpb_wrapper\"><p style=\"text-align: justify;\"><span lang=\"FR\">Sucrerie, tonics, \u00e9nerg\u00e9tiques, maltas, jus<\/span><\/p>\n<p><span lang=\"FR\">Bi\u00e8res avec et sans alcool, Liqueurs vari\u00e9s (Runs, Wiskis, Brandis, Cognacs, etc.), Vins avec et sans alcool <\/span><\/p>\n<\/div><\/div><div class=\"w-separator size_medium\"><\/div><div class=\"w-btn-wrapper align_center\"><a class=\"w-btn us-btn-style_21 us_custom_6c21c073 us_animate_this\" href=\"https:\/\/agrifoodcommodities.com\/fr\/boissons\/\"><span class=\"w-btn-label\">Lire plus<\/span><\/a><\/div><\/div><\/div><div class=\"wpb_column vc_column_container us_custom_95d492f5\"><div class=\"vc_column-inner\"><div class=\"w-image us_custom_6c21c073 us_animate_this align_none\"><div class=\"w-image-h\"><img loading=\"lazy\" decoding=\"async\" width=\"998\" height=\"650\" src=\"https:\/\/agrifoodcommodities.com\/wp-content\/uploads\/2021\/12\/bebidas-no-alcoholicas.jpg\" class=\"attachment-full size-full\" alt=\"\" srcset=\"https:\/\/agrifoodcommodities.com\/wp-content\/uploads\/2021\/12\/bebidas-no-alcoholicas.jpg 998w, https:\/\/agrifoodcommodities.com\/wp-content\/uploads\/2021\/12\/bebidas-no-alcoholicas-300x195.jpg 300w\" sizes=\"auto, (max-width: 998px) 100vw, 998px\" \/><\/div><\/div><\/div><\/div><\/div><\/div><\/section>\n","protected":false},"excerpt":{"rendered":"Fruits Pomme, poire, raisin, orange, mandarine, nectarine, bananes, fraises, framboises, kaki, pamplemousse, grenade, kiwi, abricots, prunes, p\u00eaches, fraises, melon, past\u00e8que, mangues, ananas, goyave Lire plusL\u00e9gumes Asperge, artichaut, carotte, ail, oignon, laitue, tomate, avocat, brocoli, c\u00e9leri, concombre Lire plusAgricoles Coton (Grains), Cacao (F\u00e8ves), Caf\u00e9 (Grains verts), Coco (Noix de coco), Cola (Grains de cola), Ma\u00efs (Blanc...","protected":false},"author":1,"featured_media":0,"parent":0,"menu_order":0,"comment_status":"closed","ping_status":"closed","template":"","meta":{"footnotes":""},"class_list":["post-1116","page","type-page","status-publish","hentry"],"_links":{"self":[{"href":"https:\/\/agrifoodcommodities.com\/fr\/wp-json\/wp\/v2\/pages\/1116","targetHints":{"allow":["GET"]}}],"collection":[{"href":"https:\/\/agrifoodcommodities.com\/fr\/wp-json\/wp\/v2\/pages"}],"about":[{"href":"https:\/\/agrifoodcommodities.com\/fr\/wp-json\/wp\/v2\/types\/page"}],"author":[{"embeddable":true,"href":"https:\/\/agrifoodcommodities.com\/fr\/wp-json\/wp\/v2\/users\/1"}],"replies":[{"embeddable":true,"href":"https:\/\/agrifoodcommodities.com\/fr\/wp-json\/wp\/v2\/comments?post=1116"}],"version-history":[{"count":57,"href":"https:\/\/agrifoodcommodities.com\/fr\/wp-json\/wp\/v2\/pages\/1116\/revisions"}],"predecessor-version":[{"id":2472,"href":"https:\/\/agrifoodcommodities.com\/fr\/wp-json\/wp\/v2\/pages\/1116\/revisions\/2472"}],"wp:attachment":[{"href":"https:\/\/agrifoodcommodities.com\/fr\/wp-json\/wp\/v2\/media?parent=1116"}],"curies":[{"name":"wp","href":"https:\/\/api.w.org\/{rel}","templated":true}]}}