{"id":1504,"date":"2022-02-09T08:34:05","date_gmt":"2022-02-09T08:34:05","guid":{"rendered":"https:\/\/agrifoodcommodities.com\/sans-traitement\/"},"modified":"2025-03-11T08:09:48","modified_gmt":"2025-03-11T08:09:48","slug":"sans-traitement","status":"publish","type":"page","link":"https:\/\/agrifoodcommodities.com\/fr\/sans-traitement\/","title":{"rendered":"Fruits secs"},"content":{"rendered":"<section class=\"l-section wpb_row us_custom_8d45c27c height_huge\"><div class=\"l-section-h i-cf\"><div class=\"g-cols via_grid cols_1 laptops-cols_inherit tablets-cols_inherit mobiles-cols_1 valign_top type_default\"><div class=\"wpb_column vc_column_container\"><div class=\"vc_column-inner\"><div class=\"w-separator size_small\"><\/div>[vc_custom_heading source=\u00a0\u00bbpost_title\u00a0\u00bb font_container=\u00a0\u00bbtag:h2|text_align:center\u00a0\u00bb use_theme_fonts=\u00a0\u00bbyes\u00a0\u00bb]<div class=\"w-separator size_small\"><\/div><div class=\"w-grid type_grid layout_boutique_moderne cols_4\" id=\"us_grid_1\" data-filterable=\"true\"><style>#us_grid_1 .w-grid-item{padding:1.5rem}#us_grid_1 .w-grid-list{margin:-1.5rem}.w-grid + #us_grid_1 .w-grid-list{margin-top:1.5rem}@media (max-width:1199px){#us_grid_1 .w-grid-item{width:33.3333%}}@media (max-width:899px){#us_grid_1 .w-grid-item{width:50%}}@media (max-width:599px){#us_grid_1 .w-grid-list{margin:0}#us_grid_1 .w-grid-item{width:100%;padding:0;margin-bottom:1.5rem}}.layout_boutique_moderne .w-grid-item-h{}.layout_boutique_moderne .usg_post_image_1{margin-bottom:0.5rem!important}.layout_boutique_moderne .usg_post_title_1{font-size:1rem!important}<\/style><div class=\"w-grid-list\">\t<article class=\"w-grid-item size_1x1 post-3417 us_portfolio type-us_portfolio status-publish has-post-thumbnail hentry us_portfolio_category-fruits-secs\" data-id=\"3417\">\r\n\t\t<div class=\"w-grid-item-h\">\r\n\t\t\t\t\t\t\t<a class=\"w-grid-item-anchor\" href=\"https:\/\/agrifoodcommodities.com\/fr\/productos\/cacahuetes\/\" rel=\"bookmark\" aria-label=\"Cacahu\u00e8tes\"><\/a>\r\n\t\t\t\t\t\t<div class=\"w-post-elm post_image usg_post_image_1 stretched\"><a href=\"https:\/\/agrifoodcommodities.com\/fr\/productos\/cacahuetes\/\" aria-label=\"Cacahu\u00e8tes\"><img loading=\"lazy\" decoding=\"async\" width=\"2048\" height=\"2048\" src=\"https:\/\/agrifoodcommodities.com\/wp-content\/uploads\/2025\/05\/cacahuetes.jpg\" class=\"attachment-us_600_600_crop size-us_600_600_crop wp-post-image\" alt=\"\" srcset=\"https:\/\/agrifoodcommodities.com\/wp-content\/uploads\/2025\/05\/cacahuetes.jpg 2048w, https:\/\/agrifoodcommodities.com\/wp-content\/uploads\/2025\/05\/cacahuetes-300x300.jpg 300w, https:\/\/agrifoodcommodities.com\/wp-content\/uploads\/2025\/05\/cacahuetes-1024x1024.jpg 1024w, https:\/\/agrifoodcommodities.com\/wp-content\/uploads\/2025\/05\/cacahuetes-150x150.jpg 150w\" sizes=\"auto, (max-width: 2048px) 100vw, 2048px\" \/><\/a><\/div><h2 class=\"w-post-elm post_title usg_post_title_1 entry-title color_link_inherit\"><a href=\"https:\/\/agrifoodcommodities.com\/fr\/productos\/cacahuetes\/\">Cacahu\u00e8tes<\/a><\/h2>\t\t<\/div>\r\n\t<\/article>\r\n\t<article class=\"w-grid-item size_1x1 post-2137 us_portfolio type-us_portfolio status-publish has-post-thumbnail hentry us_portfolio_category-fruits-secs\" data-id=\"2137\">\r\n\t\t<div class=\"w-grid-item-h\">\r\n\t\t\t\t\t\t\t<a class=\"w-grid-item-anchor\" href=\"https:\/\/agrifoodcommodities.com\/fr\/productos\/noix-de-cajou\/\" rel=\"bookmark\" aria-label=\"Noix de cajou\"><\/a>\r\n\t\t\t\t\t\t<div class=\"w-post-elm post_image usg_post_image_1 stretched\"><a href=\"https:\/\/agrifoodcommodities.com\/fr\/productos\/noix-de-cajou\/\" aria-label=\"Noix de cajou\"><img loading=\"lazy\" decoding=\"async\" width=\"650\" height=\"650\" src=\"https:\/\/agrifoodcommodities.com\/wp-content\/uploads\/2022\/02\/nuez-de-anacardo-cuadrado.jpg\" class=\"attachment-us_600_600_crop size-us_600_600_crop wp-post-image\" alt=\"\" srcset=\"https:\/\/agrifoodcommodities.com\/wp-content\/uploads\/2022\/02\/nuez-de-anacardo-cuadrado.jpg 650w, https:\/\/agrifoodcommodities.com\/wp-content\/uploads\/2022\/02\/nuez-de-anacardo-cuadrado-300x300.jpg 300w, https:\/\/agrifoodcommodities.com\/wp-content\/uploads\/2022\/02\/nuez-de-anacardo-cuadrado-150x150.jpg 150w\" sizes=\"auto, (max-width: 650px) 100vw, 650px\" \/><\/a><\/div><h2 class=\"w-post-elm post_title usg_post_title_1 entry-title color_link_inherit\"><a href=\"https:\/\/agrifoodcommodities.com\/fr\/productos\/noix-de-cajou\/\">Noix de cajou<\/a><\/h2>\t\t<\/div>\r\n\t<\/article>\r\n<\/div><div class=\"w-grid-preloader\"><div class=\"g-preloader type_1\">\r\n\t<div><\/div>\r\n<\/div>\r\n<\/div>\t<div class=\"w-grid-json hidden\" onclick='return {&quot;action&quot;:&quot;us_ajax_grid&quot;,&quot;ajax_url&quot;:&quot;https:\\\/\\\/agrifoodcommodities.com\\\/wp-admin\\\/admin-ajax.php&quot;,&quot;infinite_scroll&quot;:0,&quot;max_num_pages&quot;:1,&quot;pagination&quot;:&quot;none&quot;,&quot;permalink_url&quot;:&quot;https:\\\/\\\/agrifoodcommodities.com\\\/fr\\\/wp-json\\\/wp\\\/v2\\\/pages\\\/1504\\\/&quot;,&quot;template_vars&quot;:{&quot;columns&quot;:&quot;4&quot;,&quot;exclude_items&quot;:&quot;none&quot;,&quot;img_size&quot;:&quot;default&quot;,&quot;ignore_items_size&quot;:false,&quot;items_layout&quot;:&quot;boutique_moderne&quot;,&quot;items_offset&quot;:&quot;1&quot;,&quot;load_animation&quot;:&quot;none&quot;,&quot;overriding_link&quot;:&quot;post&quot;,&quot;post_id&quot;:1504,&quot;query_args&quot;:{&quot;post_type&quot;:[&quot;us_portfolio&quot;],&quot;tax_query&quot;:[{&quot;taxonomy&quot;:&quot;us_portfolio_category&quot;,&quot;field&quot;:&quot;slug&quot;,&quot;terms&quot;:[&quot;non transform\\u00e9-agricole&quot;,&quot;non transform\\u00e9-agricole&quot;,&quot;non transform\\u00e9-agricole&quot;,&quot;fruits secs&quot;,&quot;fruits secs&quot;]}],&quot;post_status&quot;:[&quot;publish&quot;],&quot;posts_per_page&quot;:999},&quot;orderby_query_args&quot;:{&quot;orderby&quot;:{&quot;title&quot;:&quot;ASC&quot;},&quot;order&quot;:&quot;ASC&quot;},&quot;type&quot;:&quot;grid&quot;,&quot;us_grid_ajax_index&quot;:1,&quot;us_grid_filter_params&quot;:null,&quot;us_grid_index&quot;:1,&quot;_us_grid_post_type&quot;:&quot;us_portfolio&quot;,&quot;lang&quot;:&quot;fr&quot;}}'><\/div>\r\n\t<\/div><\/div><\/div><\/div><\/div><\/section><section class=\"l-section wpb_row us_custom_8d45c27c height_huge\"><div class=\"l-section-h i-cf\"><div class=\"g-cols via_grid cols_1 laptops-cols_inherit tablets-cols_inherit mobiles-cols_1 valign_top type_default\"><div class=\"wpb_column vc_column_container\"><div class=\"vc_column-inner\"><div class=\"w-separator size_small\"><\/div><\/div><\/div><\/div><\/div><\/section>\n","protected":false},"excerpt":{"rendered":"1. DESCRIPTION DU PRODUIT : Noix de cajou avec coquille 2. PRESENTATION : S\u00e9ch\u00e9, nettoy\u00e9, tri\u00e9 3. ORIGINE : C\u00f4te d\u00b4Ivoire, Ghana, Benin, Togo, Guin\u00e9e-Bissau 4. CALENDRIER DE PRODUCTION : Mars &#8211; Juillet 5. SP\u00c9CIFICATIONS TECHNIQUES : &#8211; Grainage per kg : 205 max. &#8211; Rendement (Out-turn) : 46 &#8211; 50 lb \/ Sac 80...","protected":false},"author":1,"featured_media":0,"parent":0,"menu_order":0,"comment_status":"closed","ping_status":"closed","template":"","meta":{"footnotes":""},"class_list":["post-1504","page","type-page","status-publish","hentry"],"_links":{"self":[{"href":"https:\/\/agrifoodcommodities.com\/fr\/wp-json\/wp\/v2\/pages\/1504","targetHints":{"allow":["GET"]}}],"collection":[{"href":"https:\/\/agrifoodcommodities.com\/fr\/wp-json\/wp\/v2\/pages"}],"about":[{"href":"https:\/\/agrifoodcommodities.com\/fr\/wp-json\/wp\/v2\/types\/page"}],"author":[{"embeddable":true,"href":"https:\/\/agrifoodcommodities.com\/fr\/wp-json\/wp\/v2\/users\/1"}],"replies":[{"embeddable":true,"href":"https:\/\/agrifoodcommodities.com\/fr\/wp-json\/wp\/v2\/comments?post=1504"}],"version-history":[{"count":21,"href":"https:\/\/agrifoodcommodities.com\/fr\/wp-json\/wp\/v2\/pages\/1504\/revisions"}],"predecessor-version":[{"id":3093,"href":"https:\/\/agrifoodcommodities.com\/fr\/wp-json\/wp\/v2\/pages\/1504\/revisions\/3093"}],"wp:attachment":[{"href":"https:\/\/agrifoodcommodities.com\/fr\/wp-json\/wp\/v2\/media?parent=1504"}],"curies":[{"name":"wp","href":"https:\/\/api.w.org\/{rel}","templated":true}]}}