{"id":1703,"date":"2022-04-26T18:30:15","date_gmt":"2022-04-26T18:30:15","guid":{"rendered":"https:\/\/agrifoodcommodities.com\/des-legumes-2\/"},"modified":"2025-03-18T20:16:33","modified_gmt":"2025-03-18T20:16:33","slug":"legumes-2","status":"publish","type":"page","link":"https:\/\/agrifoodcommodities.com\/fr\/legumes-2\/","title":{"rendered":"L\u00e9gumes"},"content":{"rendered":"<section class=\"l-section wpb_row us_custom_8d45c27c height_huge\"><div class=\"l-section-h i-cf\"><div class=\"g-cols via_grid cols_1 laptops-cols_inherit tablets-cols_inherit mobiles-cols_1 valign_top type_default\"><div class=\"wpb_column vc_column_container\"><div class=\"vc_column-inner\"><div class=\"w-separator size_small\"><\/div>[vc_custom_heading source=\u00a0\u00bbpost_title\u00a0\u00bb font_container=\u00a0\u00bbtag:h2|text_align:center\u00a0\u00bb use_theme_fonts=\u00a0\u00bbyes\u00a0\u00bb]<div class=\"w-separator size_small\"><\/div><div class=\"w-grid type_grid layout_boutique_moderne cols_4\" id=\"us_grid_1\" data-filterable=\"true\"><style>#us_grid_1 .w-grid-item{padding:1.5rem}#us_grid_1 .w-grid-list{margin:-1.5rem}.w-grid + #us_grid_1 .w-grid-list{margin-top:1.5rem}@media (max-width:1199px){#us_grid_1 .w-grid-item{width:33.3333%}}@media (max-width:899px){#us_grid_1 .w-grid-item{width:50%}}@media (max-width:599px){#us_grid_1 .w-grid-list{margin:0}#us_grid_1 .w-grid-item{width:100%;padding:0;margin-bottom:1.5rem}}.layout_boutique_moderne .w-grid-item-h{}.layout_boutique_moderne .usg_post_image_1{margin-bottom:0.5rem!important}.layout_boutique_moderne .usg_post_title_1{font-size:1rem!important}<\/style><div class=\"w-grid-list\">\t<article class=\"w-grid-item size_1x1 post-2251 us_portfolio type-us_portfolio status-publish has-post-thumbnail hentry us_portfolio_category-legumes\" data-id=\"2251\">\r\n\t\t<div class=\"w-grid-item-h\">\r\n\t\t\t\t\t\t\t<a class=\"w-grid-item-anchor\" href=\"https:\/\/agrifoodcommodities.com\/fr\/productos\/ail\/\" rel=\"bookmark\" aria-label=\"Ail\"><\/a>\r\n\t\t\t\t\t\t<div class=\"w-post-elm post_image usg_post_image_1 stretched\"><a href=\"https:\/\/agrifoodcommodities.com\/fr\/productos\/ail\/\" aria-label=\"Ail\"><img loading=\"lazy\" decoding=\"async\" width=\"650\" height=\"650\" src=\"https:\/\/agrifoodcommodities.com\/wp-content\/uploads\/2021\/12\/ajos-cuadrados.jpg\" class=\"attachment-us_600_600_crop size-us_600_600_crop wp-post-image\" alt=\"\" srcset=\"https:\/\/agrifoodcommodities.com\/wp-content\/uploads\/2021\/12\/ajos-cuadrados.jpg 650w, https:\/\/agrifoodcommodities.com\/wp-content\/uploads\/2021\/12\/ajos-cuadrados-300x300.jpg 300w, https:\/\/agrifoodcommodities.com\/wp-content\/uploads\/2021\/12\/ajos-cuadrados-150x150.jpg 150w\" sizes=\"auto, (max-width: 650px) 100vw, 650px\" \/><\/a><\/div><h2 class=\"w-post-elm post_title usg_post_title_1 entry-title color_link_inherit\"><a href=\"https:\/\/agrifoodcommodities.com\/fr\/productos\/ail\/\">Ail<\/a><\/h2>\t\t<\/div>\r\n\t<\/article>\r\n\t<article class=\"w-grid-item size_1x1 post-2267 us_portfolio type-us_portfolio status-publish has-post-thumbnail hentry us_portfolio_category-legumes\" data-id=\"2267\">\r\n\t\t<div class=\"w-grid-item-h\">\r\n\t\t\t\t\t\t\t<a class=\"w-grid-item-anchor\" href=\"https:\/\/agrifoodcommodities.com\/fr\/productos\/aubergines\/\" rel=\"bookmark\" aria-label=\"Aubergine\"><\/a>\r\n\t\t\t\t\t\t<div class=\"w-post-elm post_image usg_post_image_1 stretched\"><a href=\"https:\/\/agrifoodcommodities.com\/fr\/productos\/aubergines\/\" aria-label=\"Aubergine\"><img loading=\"lazy\" decoding=\"async\" width=\"2000\" height=\"2000\" src=\"https:\/\/agrifoodcommodities.com\/wp-content\/uploads\/2022\/05\/berenjena.jpg\" class=\"attachment-us_600_600_crop size-us_600_600_crop wp-post-image\" alt=\"\" srcset=\"https:\/\/agrifoodcommodities.com\/wp-content\/uploads\/2022\/05\/berenjena.jpg 2000w, https:\/\/agrifoodcommodities.com\/wp-content\/uploads\/2022\/05\/berenjena-300x300.jpg 300w, https:\/\/agrifoodcommodities.com\/wp-content\/uploads\/2022\/05\/berenjena-1024x1024.jpg 1024w, https:\/\/agrifoodcommodities.com\/wp-content\/uploads\/2022\/05\/berenjena-150x150.jpg 150w\" sizes=\"auto, (max-width: 2000px) 100vw, 2000px\" \/><\/a><\/div><h2 class=\"w-post-elm post_title usg_post_title_1 entry-title color_link_inherit\"><a href=\"https:\/\/agrifoodcommodities.com\/fr\/productos\/aubergines\/\">Aubergine<\/a><\/h2>\t\t<\/div>\r\n\t<\/article>\r\n\t<article class=\"w-grid-item size_1x1 post-2146 us_portfolio type-us_portfolio status-publish has-post-thumbnail hentry us_portfolio_category-legumes\" data-id=\"2146\">\r\n\t\t<div class=\"w-grid-item-h\">\r\n\t\t\t\t\t\t\t<a class=\"w-grid-item-anchor\" href=\"https:\/\/agrifoodcommodities.com\/fr\/productos\/avocats\/\" rel=\"bookmark\" aria-label=\"Avocat\"><\/a>\r\n\t\t\t\t\t\t<div class=\"w-post-elm post_image usg_post_image_1 stretched\"><a href=\"https:\/\/agrifoodcommodities.com\/fr\/productos\/avocats\/\" aria-label=\"Avocat\"><img loading=\"lazy\" decoding=\"async\" width=\"2000\" height=\"2000\" src=\"https:\/\/agrifoodcommodities.com\/wp-content\/uploads\/2022\/06\/aguacate.jpg\" class=\"attachment-us_600_600_crop size-us_600_600_crop wp-post-image\" alt=\"\" srcset=\"https:\/\/agrifoodcommodities.com\/wp-content\/uploads\/2022\/06\/aguacate.jpg 2000w, https:\/\/agrifoodcommodities.com\/wp-content\/uploads\/2022\/06\/aguacate-300x300.jpg 300w, https:\/\/agrifoodcommodities.com\/wp-content\/uploads\/2022\/06\/aguacate-1024x1024.jpg 1024w, https:\/\/agrifoodcommodities.com\/wp-content\/uploads\/2022\/06\/aguacate-150x150.jpg 150w\" sizes=\"auto, (max-width: 2000px) 100vw, 2000px\" \/><\/a><\/div><h2 class=\"w-post-elm post_title usg_post_title_1 entry-title color_link_inherit\"><a href=\"https:\/\/agrifoodcommodities.com\/fr\/productos\/avocats\/\">Avocat<\/a><\/h2>\t\t<\/div>\r\n\t<\/article>\r\n\t<article class=\"w-grid-item size_1x1 post-2270 us_portfolio type-us_portfolio status-publish has-post-thumbnail hentry us_portfolio_category-legumes\" data-id=\"2270\">\r\n\t\t<div class=\"w-grid-item-h\">\r\n\t\t\t\t\t\t\t<a class=\"w-grid-item-anchor\" href=\"https:\/\/agrifoodcommodities.com\/fr\/productos\/brocoli\/\" rel=\"bookmark\" aria-label=\"Brocoli\"><\/a>\r\n\t\t\t\t\t\t<div class=\"w-post-elm post_image usg_post_image_1 stretched\"><a href=\"https:\/\/agrifoodcommodities.com\/fr\/productos\/brocoli\/\" aria-label=\"Brocoli\"><img loading=\"lazy\" decoding=\"async\" width=\"2000\" height=\"2000\" src=\"https:\/\/agrifoodcommodities.com\/wp-content\/uploads\/2022\/05\/brocoli.jpg\" class=\"attachment-us_600_600_crop size-us_600_600_crop wp-post-image\" alt=\"\" srcset=\"https:\/\/agrifoodcommodities.com\/wp-content\/uploads\/2022\/05\/brocoli.jpg 2000w, https:\/\/agrifoodcommodities.com\/wp-content\/uploads\/2022\/05\/brocoli-300x300.jpg 300w, https:\/\/agrifoodcommodities.com\/wp-content\/uploads\/2022\/05\/brocoli-1024x1024.jpg 1024w, https:\/\/agrifoodcommodities.com\/wp-content\/uploads\/2022\/05\/brocoli-150x150.jpg 150w\" sizes=\"auto, (max-width: 2000px) 100vw, 2000px\" \/><\/a><\/div><h2 class=\"w-post-elm post_title usg_post_title_1 entry-title color_link_inherit\"><a href=\"https:\/\/agrifoodcommodities.com\/fr\/productos\/brocoli\/\">Brocoli<\/a><\/h2>\t\t<\/div>\r\n\t<\/article>\r\n\t<article class=\"w-grid-item size_1x1 post-2276 us_portfolio type-us_portfolio status-publish has-post-thumbnail hentry us_portfolio_category-legumes\" data-id=\"2276\">\r\n\t\t<div class=\"w-grid-item-h\">\r\n\t\t\t\t\t\t\t<a class=\"w-grid-item-anchor\" href=\"https:\/\/agrifoodcommodities.com\/fr\/productos\/chou-fleur\/\" rel=\"bookmark\" aria-label=\"Chou-fleur\"><\/a>\r\n\t\t\t\t\t\t<div class=\"w-post-elm post_image usg_post_image_1 stretched\"><a href=\"https:\/\/agrifoodcommodities.com\/fr\/productos\/chou-fleur\/\" aria-label=\"Chou-fleur\"><img loading=\"lazy\" decoding=\"async\" width=\"2000\" height=\"2000\" src=\"https:\/\/agrifoodcommodities.com\/wp-content\/uploads\/2022\/05\/coliflor.jpg\" class=\"attachment-us_600_600_crop size-us_600_600_crop wp-post-image\" alt=\"\" srcset=\"https:\/\/agrifoodcommodities.com\/wp-content\/uploads\/2022\/05\/coliflor.jpg 2000w, https:\/\/agrifoodcommodities.com\/wp-content\/uploads\/2022\/05\/coliflor-300x300.jpg 300w, https:\/\/agrifoodcommodities.com\/wp-content\/uploads\/2022\/05\/coliflor-1024x1024.jpg 1024w, https:\/\/agrifoodcommodities.com\/wp-content\/uploads\/2022\/05\/coliflor-150x150.jpg 150w\" sizes=\"auto, (max-width: 2000px) 100vw, 2000px\" \/><\/a><\/div><h2 class=\"w-post-elm post_title usg_post_title_1 entry-title color_link_inherit\"><a href=\"https:\/\/agrifoodcommodities.com\/fr\/productos\/chou-fleur\/\">Chou-fleur<\/a><\/h2>\t\t<\/div>\r\n\t<\/article>\r\n\t<article class=\"w-grid-item size_1x1 post-2149 us_portfolio type-us_portfolio status-publish has-post-thumbnail hentry us_portfolio_category-legumes\" data-id=\"2149\">\r\n\t\t<div class=\"w-grid-item-h\">\r\n\t\t\t\t\t\t\t<a class=\"w-grid-item-anchor\" href=\"https:\/\/agrifoodcommodities.com\/fr\/productos\/concombres\/\" rel=\"bookmark\" aria-label=\"Concombre\"><\/a>\r\n\t\t\t\t\t\t<div class=\"w-post-elm post_image usg_post_image_1 stretched\"><a href=\"https:\/\/agrifoodcommodities.com\/fr\/productos\/concombres\/\" aria-label=\"Concombre\"><img loading=\"lazy\" decoding=\"async\" width=\"2000\" height=\"2000\" src=\"https:\/\/agrifoodcommodities.com\/wp-content\/uploads\/2022\/05\/pepino.jpg\" class=\"attachment-us_600_600_crop size-us_600_600_crop wp-post-image\" alt=\"\" srcset=\"https:\/\/agrifoodcommodities.com\/wp-content\/uploads\/2022\/05\/pepino.jpg 2000w, https:\/\/agrifoodcommodities.com\/wp-content\/uploads\/2022\/05\/pepino-300x300.jpg 300w, https:\/\/agrifoodcommodities.com\/wp-content\/uploads\/2022\/05\/pepino-1024x1024.jpg 1024w, https:\/\/agrifoodcommodities.com\/wp-content\/uploads\/2022\/05\/pepino-150x150.jpg 150w\" sizes=\"auto, (max-width: 2000px) 100vw, 2000px\" \/><\/a><\/div><h2 class=\"w-post-elm post_title usg_post_title_1 entry-title color_link_inherit\"><a href=\"https:\/\/agrifoodcommodities.com\/fr\/productos\/concombres\/\">Concombre<\/a><\/h2>\t\t<\/div>\r\n\t<\/article>\r\n\t<article class=\"w-grid-item size_1x1 post-2273 us_portfolio type-us_portfolio status-publish has-post-thumbnail hentry us_portfolio_category-legumes\" data-id=\"2273\">\r\n\t\t<div class=\"w-grid-item-h\">\r\n\t\t\t\t\t\t\t<a class=\"w-grid-item-anchor\" href=\"https:\/\/agrifoodcommodities.com\/fr\/productos\/courgette\/\" rel=\"bookmark\" aria-label=\"Courgette\"><\/a>\r\n\t\t\t\t\t\t<div class=\"w-post-elm post_image usg_post_image_1 stretched\"><a href=\"https:\/\/agrifoodcommodities.com\/fr\/productos\/courgette\/\" aria-label=\"Courgette\"><img loading=\"lazy\" decoding=\"async\" width=\"2000\" height=\"2000\" src=\"https:\/\/agrifoodcommodities.com\/wp-content\/uploads\/2022\/05\/calabacin.jpg\" class=\"attachment-us_600_600_crop size-us_600_600_crop wp-post-image\" alt=\"\" srcset=\"https:\/\/agrifoodcommodities.com\/wp-content\/uploads\/2022\/05\/calabacin.jpg 2000w, https:\/\/agrifoodcommodities.com\/wp-content\/uploads\/2022\/05\/calabacin-300x300.jpg 300w, https:\/\/agrifoodcommodities.com\/wp-content\/uploads\/2022\/05\/calabacin-1024x1024.jpg 1024w, https:\/\/agrifoodcommodities.com\/wp-content\/uploads\/2022\/05\/calabacin-150x150.jpg 150w\" sizes=\"auto, (max-width: 2000px) 100vw, 2000px\" \/><\/a><\/div><h2 class=\"w-post-elm post_title usg_post_title_1 entry-title color_link_inherit\"><a href=\"https:\/\/agrifoodcommodities.com\/fr\/productos\/courgette\/\">Courgette<\/a><\/h2>\t\t<\/div>\r\n\t<\/article>\r\n\t<article class=\"w-grid-item size_1x1 post-2239 us_portfolio type-us_portfolio status-publish has-post-thumbnail hentry us_portfolio_category-legumes\" data-id=\"2239\">\r\n\t\t<div class=\"w-grid-item-h\">\r\n\t\t\t\t\t\t\t<a class=\"w-grid-item-anchor\" href=\"https:\/\/agrifoodcommodities.com\/fr\/productos\/laitue\/\" rel=\"bookmark\" aria-label=\"Laitue\"><\/a>\r\n\t\t\t\t\t\t<div class=\"w-post-elm post_image usg_post_image_1 stretched\"><a href=\"https:\/\/agrifoodcommodities.com\/fr\/productos\/laitue\/\" aria-label=\"Laitue\"><img loading=\"lazy\" decoding=\"async\" width=\"2000\" height=\"2000\" src=\"https:\/\/agrifoodcommodities.com\/wp-content\/uploads\/2022\/05\/lecguga.jpg\" class=\"attachment-us_600_600_crop size-us_600_600_crop wp-post-image\" alt=\"\" srcset=\"https:\/\/agrifoodcommodities.com\/wp-content\/uploads\/2022\/05\/lecguga.jpg 2000w, https:\/\/agrifoodcommodities.com\/wp-content\/uploads\/2022\/05\/lecguga-300x300.jpg 300w, https:\/\/agrifoodcommodities.com\/wp-content\/uploads\/2022\/05\/lecguga-1024x1024.jpg 1024w, https:\/\/agrifoodcommodities.com\/wp-content\/uploads\/2022\/05\/lecguga-150x150.jpg 150w\" sizes=\"auto, (max-width: 2000px) 100vw, 2000px\" \/><\/a><\/div><h2 class=\"w-post-elm post_title usg_post_title_1 entry-title color_link_inherit\"><a href=\"https:\/\/agrifoodcommodities.com\/fr\/productos\/laitue\/\">Laitue<\/a><\/h2>\t\t<\/div>\r\n\t<\/article>\r\n\t<article class=\"w-grid-item size_1x1 post-2261 us_portfolio type-us_portfolio status-publish has-post-thumbnail hentry us_portfolio_category-legumes\" data-id=\"2261\">\r\n\t\t<div class=\"w-grid-item-h\">\r\n\t\t\t\t\t\t\t<a class=\"w-grid-item-anchor\" href=\"https:\/\/agrifoodcommodities.com\/fr\/productos\/oignons\/\" rel=\"bookmark\" aria-label=\"Oignon\"><\/a>\r\n\t\t\t\t\t\t<div class=\"w-post-elm post_image usg_post_image_1 stretched\"><a href=\"https:\/\/agrifoodcommodities.com\/fr\/productos\/oignons\/\" aria-label=\"Oignon\"><img loading=\"lazy\" decoding=\"async\" width=\"650\" height=\"650\" src=\"https:\/\/agrifoodcommodities.com\/wp-content\/uploads\/2021\/12\/cebollas-cuadrado.jpg\" class=\"attachment-us_600_600_crop size-us_600_600_crop wp-post-image\" alt=\"\" srcset=\"https:\/\/agrifoodcommodities.com\/wp-content\/uploads\/2021\/12\/cebollas-cuadrado.jpg 650w, https:\/\/agrifoodcommodities.com\/wp-content\/uploads\/2021\/12\/cebollas-cuadrado-300x300.jpg 300w, https:\/\/agrifoodcommodities.com\/wp-content\/uploads\/2021\/12\/cebollas-cuadrado-150x150.jpg 150w\" sizes=\"auto, (max-width: 650px) 100vw, 650px\" \/><\/a><\/div><h2 class=\"w-post-elm post_title usg_post_title_1 entry-title color_link_inherit\"><a href=\"https:\/\/agrifoodcommodities.com\/fr\/productos\/oignons\/\">Oignon<\/a><\/h2>\t\t<\/div>\r\n\t<\/article>\r\n\t<article class=\"w-grid-item size_1x1 post-2248 us_portfolio type-us_portfolio status-publish has-post-thumbnail hentry us_portfolio_category-legumes\" data-id=\"2248\">\r\n\t\t<div class=\"w-grid-item-h\">\r\n\t\t\t\t\t\t\t<a class=\"w-grid-item-anchor\" href=\"https:\/\/agrifoodcommodities.com\/fr\/productos\/poivrons\/\" rel=\"bookmark\" aria-label=\"Poivre\"><\/a>\r\n\t\t\t\t\t\t<div class=\"w-post-elm post_image usg_post_image_1 stretched\"><a href=\"https:\/\/agrifoodcommodities.com\/fr\/productos\/poivrons\/\" aria-label=\"Poivre\"><img loading=\"lazy\" decoding=\"async\" width=\"2000\" height=\"2000\" src=\"https:\/\/agrifoodcommodities.com\/wp-content\/uploads\/2022\/05\/pimientos.jpg\" class=\"attachment-us_600_600_crop size-us_600_600_crop wp-post-image\" alt=\"\" srcset=\"https:\/\/agrifoodcommodities.com\/wp-content\/uploads\/2022\/05\/pimientos.jpg 2000w, https:\/\/agrifoodcommodities.com\/wp-content\/uploads\/2022\/05\/pimientos-300x300.jpg 300w, https:\/\/agrifoodcommodities.com\/wp-content\/uploads\/2022\/05\/pimientos-1024x1024.jpg 1024w, https:\/\/agrifoodcommodities.com\/wp-content\/uploads\/2022\/05\/pimientos-150x150.jpg 150w\" sizes=\"auto, (max-width: 2000px) 100vw, 2000px\" \/><\/a><\/div><h2 class=\"w-post-elm post_title usg_post_title_1 entry-title color_link_inherit\"><a href=\"https:\/\/agrifoodcommodities.com\/fr\/productos\/poivrons\/\">Poivre<\/a><\/h2>\t\t<\/div>\r\n\t<\/article>\r\n\t<article class=\"w-grid-item size_1x1 post-2279 us_portfolio type-us_portfolio status-publish has-post-thumbnail hentry us_portfolio_category-legumes\" data-id=\"2279\">\r\n\t\t<div class=\"w-grid-item-h\">\r\n\t\t\t\t\t\t\t<a class=\"w-grid-item-anchor\" href=\"https:\/\/agrifoodcommodities.com\/fr\/productos\/pommes-de-terre\/\" rel=\"bookmark\" aria-label=\"Pommes de terre\"><\/a>\r\n\t\t\t\t\t\t<div class=\"w-post-elm post_image usg_post_image_1 stretched\"><a href=\"https:\/\/agrifoodcommodities.com\/fr\/productos\/pommes-de-terre\/\" aria-label=\"Pommes de terre\"><img loading=\"lazy\" decoding=\"async\" width=\"650\" height=\"650\" src=\"https:\/\/agrifoodcommodities.com\/wp-content\/uploads\/2021\/12\/patatas-cuadrado.jpg\" class=\"attachment-us_600_600_crop size-us_600_600_crop wp-post-image\" alt=\"\" srcset=\"https:\/\/agrifoodcommodities.com\/wp-content\/uploads\/2021\/12\/patatas-cuadrado.jpg 650w, https:\/\/agrifoodcommodities.com\/wp-content\/uploads\/2021\/12\/patatas-cuadrado-300x300.jpg 300w, https:\/\/agrifoodcommodities.com\/wp-content\/uploads\/2021\/12\/patatas-cuadrado-150x150.jpg 150w\" sizes=\"auto, (max-width: 650px) 100vw, 650px\" \/><\/a><\/div><h2 class=\"w-post-elm post_title usg_post_title_1 entry-title color_link_inherit\"><a href=\"https:\/\/agrifoodcommodities.com\/fr\/productos\/pommes-de-terre\/\">Pommes de terre<\/a><\/h2>\t\t<\/div>\r\n\t<\/article>\r\n\t<article class=\"w-grid-item size_1x1 post-2264 us_portfolio type-us_portfolio status-publish has-post-thumbnail hentry us_portfolio_category-legumes\" data-id=\"2264\">\r\n\t\t<div class=\"w-grid-item-h\">\r\n\t\t\t\t\t\t\t<a class=\"w-grid-item-anchor\" href=\"https:\/\/agrifoodcommodities.com\/fr\/productos\/tomates\/\" rel=\"bookmark\" aria-label=\"Tomate\"><\/a>\r\n\t\t\t\t\t\t<div class=\"w-post-elm post_image usg_post_image_1 stretched\"><a href=\"https:\/\/agrifoodcommodities.com\/fr\/productos\/tomates\/\" aria-label=\"Tomate\"><img loading=\"lazy\" decoding=\"async\" width=\"2000\" height=\"2000\" src=\"https:\/\/agrifoodcommodities.com\/wp-content\/uploads\/2022\/05\/tomate.jpg\" class=\"attachment-us_600_600_crop size-us_600_600_crop wp-post-image\" alt=\"\" srcset=\"https:\/\/agrifoodcommodities.com\/wp-content\/uploads\/2022\/05\/tomate.jpg 2000w, https:\/\/agrifoodcommodities.com\/wp-content\/uploads\/2022\/05\/tomate-300x300.jpg 300w, https:\/\/agrifoodcommodities.com\/wp-content\/uploads\/2022\/05\/tomate-1024x1024.jpg 1024w, https:\/\/agrifoodcommodities.com\/wp-content\/uploads\/2022\/05\/tomate-150x150.jpg 150w\" sizes=\"auto, (max-width: 2000px) 100vw, 2000px\" \/><\/a><\/div><h2 class=\"w-post-elm post_title usg_post_title_1 entry-title color_link_inherit\"><a href=\"https:\/\/agrifoodcommodities.com\/fr\/productos\/tomates\/\">Tomate<\/a><\/h2>\t\t<\/div>\r\n\t<\/article>\r\n<\/div><div class=\"w-grid-preloader\"><div class=\"g-preloader type_1\">\r\n\t<div><\/div>\r\n<\/div>\r\n<\/div>\t<div class=\"w-grid-json hidden\" onclick='return {&quot;action&quot;:&quot;us_ajax_grid&quot;,&quot;ajax_url&quot;:&quot;https:\\\/\\\/agrifoodcommodities.com\\\/wp-admin\\\/admin-ajax.php&quot;,&quot;infinite_scroll&quot;:0,&quot;max_num_pages&quot;:1,&quot;pagination&quot;:&quot;none&quot;,&quot;permalink_url&quot;:&quot;https:\\\/\\\/agrifoodcommodities.com\\\/fr\\\/wp-json\\\/wp\\\/v2\\\/pages\\\/1703\\\/&quot;,&quot;template_vars&quot;:{&quot;columns&quot;:&quot;4&quot;,&quot;exclude_items&quot;:&quot;none&quot;,&quot;img_size&quot;:&quot;default&quot;,&quot;ignore_items_size&quot;:false,&quot;items_layout&quot;:&quot;boutique_moderne&quot;,&quot;items_offset&quot;:&quot;1&quot;,&quot;load_animation&quot;:&quot;none&quot;,&quot;overriding_link&quot;:&quot;post&quot;,&quot;post_id&quot;:1703,&quot;query_args&quot;:{&quot;post_type&quot;:[&quot;us_portfolio&quot;],&quot;tax_query&quot;:[{&quot;taxonomy&quot;:&quot;us_portfolio_category&quot;,&quot;field&quot;:&quot;slug&quot;,&quot;terms&quot;:[&quot;l\\u00e9gumes frais&quot;,&quot; l\\u00e9gumes&quot;,&quot; l\\u00e9gumes&quot;,&quot; l\\u00e9gumes-2&quot;]}],&quot;post_status&quot;:[&quot;publish&quot;],&quot;posts_per_page&quot;:999},&quot;orderby_query_args&quot;:{&quot;orderby&quot;:{&quot;title&quot;:&quot;ASC&quot;},&quot;order&quot;:&quot;ASC&quot;},&quot;type&quot;:&quot;grid&quot;,&quot;us_grid_ajax_index&quot;:1,&quot;us_grid_filter_params&quot;:null,&quot;us_grid_index&quot;:1,&quot;_us_grid_post_type&quot;:&quot;us_portfolio&quot;,&quot;lang&quot;:&quot;fr&quot;}}'><\/div>\r\n\t<\/div><\/div><\/div><\/div><\/div><\/section><section class=\"l-section wpb_row us_custom_8d45c27c height_huge\"><div class=\"l-section-h i-cf\"><div class=\"g-cols via_grid cols_1 laptops-cols_inherit tablets-cols_inherit mobiles-cols_1 valign_top type_default\"><div class=\"wpb_column vc_column_container\"><div class=\"vc_column-inner\"><div class=\"w-separator size_small\"><\/div><\/div><\/div><\/div><\/div><\/section>\n","protected":false},"excerpt":{"rendered":"1) DESCRIPTION DU PRODUIT : Tomate fra\u00eeche 2. ORIGINE : Espagne, Afrique (Maroc) 3) VARI\u00c9T\u00c9S : Adora, Barbarian, Beef, Cherry, Oxheart, Inverted Heart, Long Life, Smooth, Black, Pear, Rama, Raf, Pink, San Marzano 4. Calendrier de production : octobre &#8211; juillet 5. TAILLES (Taille et circonf\u00e9rence en mm) : GG (82+), G (67\/81), M (57\/66),...","protected":false},"author":1,"featured_media":0,"parent":0,"menu_order":0,"comment_status":"closed","ping_status":"closed","template":"","meta":{"footnotes":""},"class_list":["post-1703","page","type-page","status-publish","hentry"],"_links":{"self":[{"href":"https:\/\/agrifoodcommodities.com\/fr\/wp-json\/wp\/v2\/pages\/1703","targetHints":{"allow":["GET"]}}],"collection":[{"href":"https:\/\/agrifoodcommodities.com\/fr\/wp-json\/wp\/v2\/pages"}],"about":[{"href":"https:\/\/agrifoodcommodities.com\/fr\/wp-json\/wp\/v2\/types\/page"}],"author":[{"embeddable":true,"href":"https:\/\/agrifoodcommodities.com\/fr\/wp-json\/wp\/v2\/users\/1"}],"replies":[{"embeddable":true,"href":"https:\/\/agrifoodcommodities.com\/fr\/wp-json\/wp\/v2\/comments?post=1703"}],"version-history":[{"count":25,"href":"https:\/\/agrifoodcommodities.com\/fr\/wp-json\/wp\/v2\/pages\/1703\/revisions"}],"predecessor-version":[{"id":3346,"href":"https:\/\/agrifoodcommodities.com\/fr\/wp-json\/wp\/v2\/pages\/1703\/revisions\/3346"}],"wp:attachment":[{"href":"https:\/\/agrifoodcommodities.com\/fr\/wp-json\/wp\/v2\/media?parent=1703"}],"curies":[{"name":"wp","href":"https:\/\/api.w.org\/{rel}","templated":true}]}}