{"id":2988,"date":"2025-03-05T16:20:08","date_gmt":"2025-03-05T16:20:08","guid":{"rendered":"https:\/\/agrifoodcommodities.com\/huiles-comestibles\/"},"modified":"2025-08-26T15:41:10","modified_gmt":"2025-08-26T15:41:10","slug":"huiles-comestibles","status":"publish","type":"page","link":"https:\/\/agrifoodcommodities.com\/fr\/huiles-comestibles\/","title":{"rendered":"Huiles alimentaires"},"content":{"rendered":"<section class=\"l-section wpb_row us_custom_8d45c27c height_huge\"><div class=\"l-section-h i-cf\"><div class=\"g-cols via_grid cols_1 laptops-cols_inherit tablets-cols_inherit mobiles-cols_1 valign_top type_default\"><div class=\"wpb_column vc_column_container\"><div class=\"vc_column-inner\"><div class=\"w-separator size_small\"><\/div>[vc_custom_heading source=\u00a0\u00bbpost_title\u00a0\u00bb font_container=\u00a0\u00bbtag:h2|text_align:center\u00a0\u00bb use_theme_fonts=\u00a0\u00bbyes\u00a0\u00bb]<div class=\"w-separator size_small\"><\/div><div class=\"w-grid type_grid layout_boutique_moderne cols_4\" id=\"us_grid_1\" data-filterable=\"true\"><style>#us_grid_1 .w-grid-item{padding:1.5rem}#us_grid_1 .w-grid-list{margin:-1.5rem}.w-grid + #us_grid_1 .w-grid-list{margin-top:1.5rem}@media (max-width:1199px){#us_grid_1 .w-grid-item{width:33.3333%}}@media (max-width:899px){#us_grid_1 .w-grid-item{width:50%}}@media (max-width:599px){#us_grid_1 .w-grid-list{margin:0}#us_grid_1 .w-grid-item{width:100%;padding:0;margin-bottom:1.5rem}}.layout_boutique_moderne .w-grid-item-h{}.layout_boutique_moderne .usg_post_image_1{margin-bottom:0.5rem!important}.layout_boutique_moderne .usg_post_title_1{font-size:1rem!important}<\/style><div class=\"w-grid-list\">\t<article class=\"w-grid-item size_1x1 post-2099 us_portfolio type-us_portfolio status-publish has-post-thumbnail hentry us_portfolio_category-huiles-comestibles\" data-id=\"2099\">\r\n\t\t<div class=\"w-grid-item-h\">\r\n\t\t\t\t\t\t\t<a class=\"w-grid-item-anchor\" href=\"https:\/\/agrifoodcommodities.com\/fr\/productos\/les-huiles-vegetales\/\" rel=\"bookmark\" aria-label=\"Huiles v\u00e9g\u00e9tales\"><\/a>\r\n\t\t\t\t\t\t<div class=\"w-post-elm post_image usg_post_image_1 stretched\"><a href=\"https:\/\/agrifoodcommodities.com\/fr\/productos\/les-huiles-vegetales\/\" aria-label=\"Huiles v\u00e9g\u00e9tales\"><img loading=\"lazy\" decoding=\"async\" width=\"650\" height=\"650\" src=\"https:\/\/agrifoodcommodities.com\/wp-content\/uploads\/2022\/01\/aceites-vegetales-cuadrada.jpg\" class=\"attachment-us_600_600_crop size-us_600_600_crop wp-post-image\" alt=\"\" srcset=\"https:\/\/agrifoodcommodities.com\/wp-content\/uploads\/2022\/01\/aceites-vegetales-cuadrada.jpg 650w, https:\/\/agrifoodcommodities.com\/wp-content\/uploads\/2022\/01\/aceites-vegetales-cuadrada-300x300.jpg 300w, https:\/\/agrifoodcommodities.com\/wp-content\/uploads\/2022\/01\/aceites-vegetales-cuadrada-150x150.jpg 150w\" sizes=\"auto, (max-width: 650px) 100vw, 650px\" \/><\/a><\/div><h2 class=\"w-post-elm post_title usg_post_title_1 entry-title color_link_inherit\"><a href=\"https:\/\/agrifoodcommodities.com\/fr\/productos\/les-huiles-vegetales\/\">Huiles v\u00e9g\u00e9tales<\/a><\/h2>\t\t<\/div>\r\n\t<\/article>\r\n<\/div><div class=\"w-grid-preloader\"><div class=\"g-preloader type_1\">\r\n\t<div><\/div>\r\n<\/div>\r\n<\/div>\t<div class=\"w-grid-json hidden\" onclick='return {&quot;action&quot;:&quot;us_ajax_grid&quot;,&quot;ajax_url&quot;:&quot;https:\\\/\\\/agrifoodcommodities.com\\\/wp-admin\\\/admin-ajax.php&quot;,&quot;infinite_scroll&quot;:0,&quot;max_num_pages&quot;:1,&quot;pagination&quot;:&quot;none&quot;,&quot;permalink_url&quot;:&quot;https:\\\/\\\/agrifoodcommodities.com\\\/fr\\\/wp-json\\\/wp\\\/v2\\\/pages\\\/2988\\\/&quot;,&quot;template_vars&quot;:{&quot;columns&quot;:&quot;4&quot;,&quot;exclude_items&quot;:&quot;none&quot;,&quot;img_size&quot;:&quot;default&quot;,&quot;ignore_items_size&quot;:false,&quot;items_layout&quot;:&quot;boutique_moderne&quot;,&quot;items_offset&quot;:&quot;1&quot;,&quot;load_animation&quot;:&quot;none&quot;,&quot;overriding_link&quot;:&quot;post&quot;,&quot;post_id&quot;:2988,&quot;query_args&quot;:{&quot;post_type&quot;:[&quot;us_portfolio&quot;],&quot;tax_query&quot;:[{&quot;taxonomy&quot;:&quot;us_portfolio_category&quot;,&quot;field&quot;:&quot;slug&quot;,&quot;terms&quot;:[&quot;huiles comestibles&quot;]}],&quot;post_status&quot;:[&quot;publish&quot;],&quot;posts_per_page&quot;:999},&quot;orderby_query_args&quot;:{&quot;orderby&quot;:{&quot;title&quot;:&quot;ASC&quot;},&quot;order&quot;:&quot;ASC&quot;},&quot;type&quot;:&quot;grid&quot;,&quot;us_grid_ajax_index&quot;:1,&quot;us_grid_filter_params&quot;:null,&quot;us_grid_index&quot;:1,&quot;_us_grid_post_type&quot;:&quot;us_portfolio&quot;,&quot;lang&quot;:&quot;fr&quot;}}'><\/div>\r\n\t<\/div><\/div><\/div><\/div><\/div><\/section><section class=\"l-section wpb_row us_custom_8d45c27c height_huge\"><div class=\"l-section-h i-cf\"><div class=\"g-cols via_grid cols_1 laptops-cols_inherit tablets-cols_inherit mobiles-cols_1 valign_top type_default\"><div class=\"wpb_column vc_column_container\"><div class=\"vc_column-inner\"><div class=\"w-separator size_small\"><\/div><\/div><\/div><\/div><\/div><\/section>\n","protected":false},"excerpt":{"rendered":"DESCRIPTION DU PRODUIT : Huiles v\u00e9g\u00e9tales destin\u00e9es \u00e0 la consommation humaine et industrielle. 2. TYPES&nbsp;: a) Huile de tournesol raffin\u00e9e pour la consommation humaine et non raffin\u00e9e pour l&rsquo;usage industriel b) Huile d&rsquo;olive de diff\u00e9rentes qualit\u00e9s : Olive, vierge, extra-vierge et m\u00e9lange de grignons c) Huile de colza non raffin\u00e9e \u00e0 usage industriel d) Huile...","protected":false},"author":1,"featured_media":0,"parent":0,"menu_order":0,"comment_status":"closed","ping_status":"closed","template":"","meta":{"footnotes":""},"class_list":["post-2988","page","type-page","status-publish","hentry"],"_links":{"self":[{"href":"https:\/\/agrifoodcommodities.com\/fr\/wp-json\/wp\/v2\/pages\/2988","targetHints":{"allow":["GET"]}}],"collection":[{"href":"https:\/\/agrifoodcommodities.com\/fr\/wp-json\/wp\/v2\/pages"}],"about":[{"href":"https:\/\/agrifoodcommodities.com\/fr\/wp-json\/wp\/v2\/types\/page"}],"author":[{"embeddable":true,"href":"https:\/\/agrifoodcommodities.com\/fr\/wp-json\/wp\/v2\/users\/1"}],"replies":[{"embeddable":true,"href":"https:\/\/agrifoodcommodities.com\/fr\/wp-json\/wp\/v2\/comments?post=2988"}],"version-history":[{"count":6,"href":"https:\/\/agrifoodcommodities.com\/fr\/wp-json\/wp\/v2\/pages\/2988\/revisions"}],"predecessor-version":[{"id":3579,"href":"https:\/\/agrifoodcommodities.com\/fr\/wp-json\/wp\/v2\/pages\/2988\/revisions\/3579"}],"wp:attachment":[{"href":"https:\/\/agrifoodcommodities.com\/fr\/wp-json\/wp\/v2\/media?parent=2988"}],"curies":[{"name":"wp","href":"https:\/\/api.w.org\/{rel}","templated":true}]}}