{"id":3472,"date":"2025-05-19T16:48:00","date_gmt":"2025-05-19T16:48:00","guid":{"rendered":"https:\/\/agrifoodcommodities.com\/derives-du-cafe\/"},"modified":"2025-06-10T09:14:59","modified_gmt":"2025-06-10T09:14:59","slug":"derives-du-cafe","status":"publish","type":"page","link":"https:\/\/agrifoodcommodities.com\/fr\/derives-du-cafe\/","title":{"rendered":"Caf\u00e9"},"content":{"rendered":"<section class=\"l-section wpb_row us_custom_8d45c27c height_huge\"><div class=\"l-section-h i-cf\"><div class=\"g-cols via_grid cols_1 laptops-cols_inherit tablets-cols_inherit mobiles-cols_1 valign_top type_default\"><div class=\"wpb_column vc_column_container\"><div class=\"vc_column-inner\"><div class=\"w-separator size_small\"><\/div>[vc_custom_heading source=\u00a0\u00bbpost_title\u00a0\u00bb font_container=\u00a0\u00bbtag:h2|text_align:center\u00a0\u00bb use_theme_fonts=\u00a0\u00bbyes\u00a0\u00bb]<div class=\"w-separator size_small\"><\/div><div class=\"w-grid type_grid layout_shop_modern cols_4 overflow_hidden\" id=\"us_grid_1\" data-filterable=\"true\"><style>#us_grid_1 .w-grid-item{padding:1.5rem}#us_grid_1 .w-grid-list{margin:-1.5rem}.w-grid + #us_grid_1 .w-grid-list{margin-top:1.5rem}@media (max-width:1199px){#us_grid_1 .w-grid-item{width:33.3333%}}@media (max-width:899px){#us_grid_1 .w-grid-item{width:50%}}@media (max-width:599px){#us_grid_1 .w-grid-list{margin:0}#us_grid_1 .w-grid-item{width:100%;padding:0;margin-bottom:1.5rem}}.layout_shop_modern .w-grid-item-h{background:var(--color-content-bg);color:var(--color-content-text);box-shadow:0 0.03rem 0.06rem rgba(0,0,0,0.1),0 0.1rem 0.3rem rgba(0,0,0,0.1);transition-duration:0.3s}.no-touch .layout_shop_modern .w-grid-item-h:hover{box-shadow:0 0.1rem 0.2rem rgba(0,0,0,0.1),0 0.33rem 1rem rgba(0,0,0,0.15);z-index:4}.layout_shop_modern .usg_vwrapper_1{transition-duration:0.2s;transform-origin:50% 50%;transform:scale(1) translate(0,0)}.layout_shop_modern .w-grid-item-h:hover .usg_vwrapper_1{transform:scale(1) translate(0,-2.4rem);opacity:1}.layout_shop_modern .usg_add_to_cart_1{opacity:0}.layout_shop_modern .w-grid-item-h:hover .usg_add_to_cart_1{}.layout_shop_modern .usg_product_field_1{color:#fff!important;font-size:12px!important;font-weight:700!important;text-transform:uppercase!important;position:absolute!important;top:10px!important;left:10px!important;padding-right:0.8rem!important;padding-left:0.8rem!important;border-radius:2rem!important;background:var(--color-content-primary)!important}.layout_shop_modern .usg_vwrapper_1{background:inherit!important;padding:1rem 1.2rem 1rem 1.2rem!important}.layout_shop_modern .usg_post_title_1{color:inherit!important;font-size:1rem!important;margin-bottom:0.3rem!important}.layout_shop_modern .usg_product_field_2{margin-bottom:0.3rem!important}.layout_shop_modern .usg_product_field_3{font-weight:700!important}.layout_shop_modern .usg_add_to_cart_1{font-size:0.8rem!important;width:100%!important;border-radius:0!important;position:absolute!important;right:0!important;bottom:0!important;left:0!important}<\/style><div class=\"w-grid-list\">\t<article class=\"w-grid-item size_1x1 post-3570 us_portfolio type-us_portfolio status-publish has-post-thumbnail hentry us_portfolio_category-derives-du-cafe\" data-id=\"3570\">\r\n\t\t<div class=\"w-grid-item-h\">\r\n\t\t\t\t\t\t\t<a class=\"w-grid-item-anchor\" href=\"https:\/\/agrifoodcommodities.com\/fr\/productos\/cafe-moulu\/\" rel=\"bookmark\" aria-label=\"Caf\u00e9 moulu\"><\/a>\r\n\t\t\t\t\t\t<div class=\"w-post-elm post_image usg_post_image_1 stretched\"><a href=\"https:\/\/agrifoodcommodities.com\/fr\/productos\/cafe-moulu\/\" aria-label=\"Caf\u00e9 moulu\"><img loading=\"lazy\" decoding=\"async\" width=\"2048\" height=\"2048\" src=\"https:\/\/agrifoodcommodities.com\/wp-content\/uploads\/2025\/06\/cacao-en-polvo-1.jpg\" class=\"attachment-shop_catalog size-shop_catalog wp-post-image\" alt=\"\" srcset=\"https:\/\/agrifoodcommodities.com\/wp-content\/uploads\/2025\/06\/cacao-en-polvo-1.jpg 2048w, https:\/\/agrifoodcommodities.com\/wp-content\/uploads\/2025\/06\/cacao-en-polvo-1-300x300.jpg 300w, https:\/\/agrifoodcommodities.com\/wp-content\/uploads\/2025\/06\/cacao-en-polvo-1-1024x1024.jpg 1024w, https:\/\/agrifoodcommodities.com\/wp-content\/uploads\/2025\/06\/cacao-en-polvo-1-150x150.jpg 150w\" sizes=\"auto, (max-width: 2048px) 100vw, 2048px\" \/><\/a><\/div><div class=\"w-vwrapper usg_vwrapper_1 align_center valign_top\"><h2 class=\"w-post-elm post_title usg_post_title_1 entry-title color_link_inherit has_text_color\"><a href=\"https:\/\/agrifoodcommodities.com\/fr\/productos\/cafe-moulu\/\">Caf\u00e9 moulu<\/a><\/h2><\/div>\t\t<\/div>\r\n\t<\/article>\r\n\t<article class=\"w-grid-item size_1x1 post-3572 us_portfolio type-us_portfolio status-publish has-post-thumbnail hentry us_portfolio_category-derives-du-cafe\" data-id=\"3572\">\r\n\t\t<div class=\"w-grid-item-h\">\r\n\t\t\t\t\t\t\t<a class=\"w-grid-item-anchor\" href=\"https:\/\/agrifoodcommodities.com\/fr\/productos\/cafe-torrefie\/\" rel=\"bookmark\" aria-label=\"Caf\u00e9 torr\u00e9fi\u00e9\"><\/a>\r\n\t\t\t\t\t\t<div class=\"w-post-elm post_image usg_post_image_1 stretched\"><a href=\"https:\/\/agrifoodcommodities.com\/fr\/productos\/cafe-torrefie\/\" aria-label=\"Caf\u00e9 torr\u00e9fi\u00e9\"><img loading=\"lazy\" decoding=\"async\" width=\"2048\" height=\"2048\" src=\"https:\/\/agrifoodcommodities.com\/wp-content\/uploads\/2025\/06\/cafe-tostado.jpg\" class=\"attachment-shop_catalog size-shop_catalog wp-post-image\" alt=\"\" srcset=\"https:\/\/agrifoodcommodities.com\/wp-content\/uploads\/2025\/06\/cafe-tostado.jpg 2048w, https:\/\/agrifoodcommodities.com\/wp-content\/uploads\/2025\/06\/cafe-tostado-300x300.jpg 300w, https:\/\/agrifoodcommodities.com\/wp-content\/uploads\/2025\/06\/cafe-tostado-1024x1024.jpg 1024w, https:\/\/agrifoodcommodities.com\/wp-content\/uploads\/2025\/06\/cafe-tostado-150x150.jpg 150w\" sizes=\"auto, (max-width: 2048px) 100vw, 2048px\" \/><\/a><\/div><div class=\"w-vwrapper usg_vwrapper_1 align_center valign_top\"><h2 class=\"w-post-elm post_title usg_post_title_1 entry-title color_link_inherit has_text_color\"><a href=\"https:\/\/agrifoodcommodities.com\/fr\/productos\/cafe-torrefie\/\">Caf\u00e9 torr\u00e9fi\u00e9<\/a><\/h2><\/div>\t\t<\/div>\r\n\t<\/article>\r\n\t<article class=\"w-grid-item size_1x1 post-3568 us_portfolio type-us_portfolio status-publish has-post-thumbnail hentry us_portfolio_category-derives-du-cafe\" data-id=\"3568\">\r\n\t\t<div class=\"w-grid-item-h\">\r\n\t\t\t\t\t\t\t<a class=\"w-grid-item-anchor\" href=\"https:\/\/agrifoodcommodities.com\/fr\/productos\/cafe-vert\/\" rel=\"bookmark\" aria-label=\"Caf\u00e9 vert\"><\/a>\r\n\t\t\t\t\t\t<div class=\"w-post-elm post_image usg_post_image_1 stretched\"><a href=\"https:\/\/agrifoodcommodities.com\/fr\/productos\/cafe-vert\/\" aria-label=\"Caf\u00e9 vert\"><img loading=\"lazy\" decoding=\"async\" width=\"2048\" height=\"2048\" src=\"https:\/\/agrifoodcommodities.com\/wp-content\/uploads\/2025\/06\/cafe-verde.jpg\" class=\"attachment-shop_catalog size-shop_catalog wp-post-image\" alt=\"\" srcset=\"https:\/\/agrifoodcommodities.com\/wp-content\/uploads\/2025\/06\/cafe-verde.jpg 2048w, https:\/\/agrifoodcommodities.com\/wp-content\/uploads\/2025\/06\/cafe-verde-300x300.jpg 300w, https:\/\/agrifoodcommodities.com\/wp-content\/uploads\/2025\/06\/cafe-verde-1024x1024.jpg 1024w, https:\/\/agrifoodcommodities.com\/wp-content\/uploads\/2025\/06\/cafe-verde-150x150.jpg 150w\" sizes=\"auto, (max-width: 2048px) 100vw, 2048px\" \/><\/a><\/div><div class=\"w-vwrapper usg_vwrapper_1 align_center valign_top\"><h2 class=\"w-post-elm post_title usg_post_title_1 entry-title color_link_inherit has_text_color\"><a href=\"https:\/\/agrifoodcommodities.com\/fr\/productos\/cafe-vert\/\">Caf\u00e9 vert<\/a><\/h2><\/div>\t\t<\/div>\r\n\t<\/article>\r\n\t<article class=\"w-grid-item size_1x1 post-2140 us_portfolio type-us_portfolio status-publish has-post-thumbnail hentry us_portfolio_category-derives-du-cafe\" data-id=\"2140\">\r\n\t\t<div class=\"w-grid-item-h\">\r\n\t\t\t\t\t\t\t<a class=\"w-grid-item-anchor\" href=\"https:\/\/agrifoodcommodities.com\/fr\/productos\/grains-de-cafe\/\" rel=\"bookmark\" aria-label=\"Grains de caf\u00e9\"><\/a>\r\n\t\t\t\t\t\t<div class=\"w-post-elm post_image usg_post_image_1 stretched\"><a href=\"https:\/\/agrifoodcommodities.com\/fr\/productos\/grains-de-cafe\/\" aria-label=\"Grains de caf\u00e9\"><img loading=\"lazy\" decoding=\"async\" width=\"650\" height=\"650\" src=\"https:\/\/agrifoodcommodities.com\/wp-content\/uploads\/2022\/02\/granos-de-cafe-cuadrado.jpg\" class=\"attachment-shop_catalog size-shop_catalog wp-post-image\" alt=\"\" srcset=\"https:\/\/agrifoodcommodities.com\/wp-content\/uploads\/2022\/02\/granos-de-cafe-cuadrado.jpg 650w, https:\/\/agrifoodcommodities.com\/wp-content\/uploads\/2022\/02\/granos-de-cafe-cuadrado-300x300.jpg 300w, https:\/\/agrifoodcommodities.com\/wp-content\/uploads\/2022\/02\/granos-de-cafe-cuadrado-150x150.jpg 150w\" sizes=\"auto, (max-width: 650px) 100vw, 650px\" \/><\/a><\/div><div class=\"w-vwrapper usg_vwrapper_1 align_center valign_top\"><h2 class=\"w-post-elm post_title usg_post_title_1 entry-title color_link_inherit has_text_color\"><a href=\"https:\/\/agrifoodcommodities.com\/fr\/productos\/grains-de-cafe\/\">Grains de caf\u00e9<\/a><\/h2><\/div>\t\t<\/div>\r\n\t<\/article>\r\n<\/div><div class=\"w-grid-preloader\"><div class=\"g-preloader type_1\">\r\n\t<div><\/div>\r\n<\/div>\r\n<\/div>\t<div class=\"w-grid-json hidden\" onclick='return {&quot;action&quot;:&quot;us_ajax_grid&quot;,&quot;ajax_url&quot;:&quot;https:\\\/\\\/agrifoodcommodities.com\\\/wp-admin\\\/admin-ajax.php&quot;,&quot;infinite_scroll&quot;:0,&quot;max_num_pages&quot;:1,&quot;pagination&quot;:&quot;none&quot;,&quot;permalink_url&quot;:&quot;https:\\\/\\\/agrifoodcommodities.com\\\/fr\\\/wp-json\\\/wp\\\/v2\\\/pages\\\/3472\\\/&quot;,&quot;template_vars&quot;:{&quot;columns&quot;:&quot;4&quot;,&quot;exclude_items&quot;:&quot;none&quot;,&quot;img_size&quot;:&quot;default&quot;,&quot;ignore_items_size&quot;:false,&quot;items_layout&quot;:&quot;shop_modern&quot;,&quot;items_offset&quot;:&quot;1&quot;,&quot;load_animation&quot;:&quot;none&quot;,&quot;overriding_link&quot;:&quot;post&quot;,&quot;post_id&quot;:3472,&quot;query_args&quot;:{&quot;post_type&quot;:[&quot;us_portfolio&quot;],&quot;tax_query&quot;:[{&quot;taxonomy&quot;:&quot;us_portfolio_category&quot;,&quot;field&quot;:&quot;slug&quot;,&quot;terms&quot;:[&quot;fresh-fruit&quot;,&quot;fresh-fruit&quot;,&quot;fruit-2&quot;,&quot;fruit-2&quot;,&quot;coffee-derivatives&quot;]}],&quot;post_status&quot;:[&quot;publish&quot;],&quot;posts_per_page&quot;:999},&quot;orderby_query_args&quot;:{&quot;orderby&quot;:{&quot;title&quot;:&quot;ASC&quot;},&quot;order&quot;:&quot;ASC&quot;},&quot;type&quot;:&quot;grid&quot;,&quot;us_grid_ajax_index&quot;:1,&quot;us_grid_filter_params&quot;:null,&quot;us_grid_index&quot;:1,&quot;_us_grid_post_type&quot;:&quot;us_portfolio&quot;,&quot;lang&quot;:&quot;fr&quot;}}'><\/div>\r\n\t<\/div><\/div><\/div><\/div><\/div><\/section><section class=\"l-section wpb_row us_custom_8d45c27c height_huge\"><div class=\"l-section-h i-cf\"><div class=\"g-cols via_grid cols_1 laptops-cols_inherit tablets-cols_inherit mobiles-cols_1 valign_top type_default\"><div class=\"wpb_column vc_column_container\"><div class=\"vc_column-inner\"><div class=\"w-separator size_small\"><\/div><\/div><\/div><\/div><\/div><\/section>\n","protected":false},"excerpt":{"rendered":"1) DESCRIPTION DU PRODUIT : Grains de caf\u00e9 vert 2) VARI\u00c9T\u00c9S : Robusta et Arabica 3. CLASSIFICATIONS DE QUALIT\u00c9 : Standard Commercial Grade 1 et 2 4. ORIGINE : Robusta (Vietnam, Indon\u00e9sie) et Arabica (Br\u00e9sil, Colombie). 5. CALENDRIER DE PRODUCTION : octobre &#8211; mars (Robusta) 6. SP\u00c9CIFICATIONS TECHNIQUES DU PRODUIT : &#8211; Indice de tamisage...","protected":false},"author":1,"featured_media":0,"parent":0,"menu_order":0,"comment_status":"closed","ping_status":"closed","template":"","meta":{"footnotes":""},"class_list":["post-3472","page","type-page","status-publish","hentry"],"_links":{"self":[{"href":"https:\/\/agrifoodcommodities.com\/fr\/wp-json\/wp\/v2\/pages\/3472","targetHints":{"allow":["GET"]}}],"collection":[{"href":"https:\/\/agrifoodcommodities.com\/fr\/wp-json\/wp\/v2\/pages"}],"about":[{"href":"https:\/\/agrifoodcommodities.com\/fr\/wp-json\/wp\/v2\/types\/page"}],"author":[{"embeddable":true,"href":"https:\/\/agrifoodcommodities.com\/fr\/wp-json\/wp\/v2\/users\/1"}],"replies":[{"embeddable":true,"href":"https:\/\/agrifoodcommodities.com\/fr\/wp-json\/wp\/v2\/comments?post=3472"}],"version-history":[{"count":4,"href":"https:\/\/agrifoodcommodities.com\/fr\/wp-json\/wp\/v2\/pages\/3472\/revisions"}],"predecessor-version":[{"id":3511,"href":"https:\/\/agrifoodcommodities.com\/fr\/wp-json\/wp\/v2\/pages\/3472\/revisions\/3511"}],"wp:attachment":[{"href":"https:\/\/agrifoodcommodities.com\/fr\/wp-json\/wp\/v2\/media?parent=3472"}],"curies":[{"name":"wp","href":"https:\/\/api.w.org\/{rel}","templated":true}]}}